{"id":83,"date":"2023-02-22T17:31:35","date_gmt":"2023-02-22T16:31:35","guid":{"rendered":"https:\/\/lacpop.uqam.ca\/en\/?page_id=83"},"modified":"2024-08-15T19:11:56","modified_gmt":"2024-08-15T18:11:56","slug":"events","status":"publish","type":"page","link":"https:\/\/lacpop.uqam.ca\/en\/events\/","title":{"rendered":"Events"},"content":{"rendered":"\n<h3 class=\"wp-block-heading\">Upcoming Events<\/h3>\n\n\n\n<p><a href=\"https:\/\/lacpop.uqam.ca\/wp-content\/uploads\/Draft-Agenda-Solidarity-Conference-v3_public.pdf\">Diversity and the Bounds of Solidarity:\u00a0Barriers and Expectations in Public Opinion<\/a>, Oct. 18-19, 2024. Universit\u00e9 du Qu\u00e9bec \u00e0 Montr\u00e9al. Preliminary Program.<\/p>\n\n\n\n<h3 class=\"wp-block-heading\">Past activities<\/h3>\n\n\n\n<p><a href=\"https:\/\/printempsrc.uqam.ca\/\">Printemps de la recherche et cr\u00e9ation<\/a>, March 18-22, 2024, Universit\u00e9 du Qu\u00e9bec \u00e0 Montr\u00e9al.<\/p>\n\n\n\n<p>\u00ab <a href=\"https:\/\/politique.uqam.ca\/wp-content\/uploads\/sites\/43\/LACPOP_concevoir_sondage_en_ligne_affiche.jpg\" data-type=\"link\" data-id=\"https:\/\/politique.uqam.ca\/wp-content\/uploads\/sites\/43\/LACPOP_concevoir_sondage_en_ligne_affiche.jpg\">Concevoir un sondage en ligne avec Qualtrics<\/a> \u00bb, methods workshop given by Judith Carvalho-G\u00e9linas, research assistant at Universit\u00e9 du Qu\u00e9bec \u00e0 Montr\u00e9al. February 22, 2024 at Universit\u00e9 du Qu\u00e9bec \u00e0 Montr\u00e9al.<\/p>\n\n\n\n<p>\u00ab <a href=\"https:\/\/politique.uqam.ca\/wp-content\/uploads\/sites\/43\/Conf_LACPOP_similitantisme_affiche.png\" data-type=\"link\" data-id=\"https:\/\/politique.uqam.ca\/wp-content\/uploads\/sites\/43\/Conf_LACPOP_similitantisme_affiche.png\">Similitantisme (<em>astroturfing<\/em>), ou quand ceux qui tirent les ficelles de l&rsquo;influence restent dans l&rsquo;ombre : principes, enjeux et implications d\u00e9mocratiques <\/a>\u00bb, conference given by St\u00e9phanie Yates, professor of social and public communication at Universit\u00e9 du Qu\u00e9bec \u00e0 Montr\u00e9al. February 13, 2024 at Universit\u00e9 du Qu\u00e9bec \u00e0 Montr\u00e9al.<\/p>\n\n\n\n<p>\u00ab <a href=\"https:\/\/www.facebook.com\/photo\/?fbid=835447641607176&amp;set=a.583671826784760\" data-type=\"link\" data-id=\"https:\/\/www.facebook.com\/photo\/?fbid=835447641607176&amp;set=a.583671826784760\">Catching Fire: The Necessary and Sufficient Conditions for Media Storms <\/a>\u00bb, conference given by Amber E. Boydstun, professor of political science at Universit\u00e9 de Californie \u00e0 Davis. November 7, 2023 at Universit\u00e9 du Qu\u00e9bec \u00e0 Montr\u00e9al.<\/p>\n\n\n\n<p>\u00ab <a href=\"https:\/\/politique.uqam.ca\/wp-content\/uploads\/sites\/43\/Conference-Emmanuel-Choquette.png\" data-type=\"link\" data-id=\"https:\/\/politique.uqam.ca\/wp-content\/uploads\/sites\/43\/Conference-Emmanuel-Choquette.png\">Quand la communication politique investit les \u00e9tudes sur l&rsquo;humour (ou vice et versa!)<\/a> \u00bb conference given by Emmanuel Choquette, professor of communication at Universit\u00e9 de Sherbrooke. September 25, 2023 at Universit\u00e9 du Qu\u00e9bec \u00e0 Montr\u00e9al.<\/p>\n\n\n\n<p>\u00ab <a href=\"https:\/\/fspd.uqam.ca\/babillard\/conference-les-accents-comme-facteur-de-differenciation-au-quebec\/\" data-type=\"link\" data-id=\"https:\/\/fspd.uqam.ca\/babillard\/conference-les-accents-comme-facteur-de-differenciation-au-quebec\/\">Les accents comme facteur de diff\u00e9renciation au Qu\u00e9bec<\/a> \u00bb, conference given by Marc Andr\u00e9 Bodet, Associate Professor of Political Science at Universit\u00e9 Laval and Lydia Laflamme, master&rsquo;s student at Universit\u00e9 Laval. March 16, 2023.<\/p>\n\n\n\n<p><a href=\"https:\/\/politicalcommunication.org\/wp-content\/uploads\/2022\/09\/PolComm-2022-Program-Sept-7-version.pdf\">Political Communication in a Divided World<\/a>. APSA Political Communication Pre-Conference, organized by the LACPOP. September 14, 2022 at Universit\u00e9 du Qu\u00e9bec \u00e0 Montr\u00e9al.<\/p>\n\n\n\n<p>\u00ab&nbsp;<a href=\"https:\/\/www.facebook.com\/labopinionpublic\/photos\/a.4592143764180147\/5101196386608213\/\">Why Did We Lose? Election Losers\u2019 Causal Attributions and Post-Election Attitudes<\/a>&nbsp;\u00bb, conference given by Amber H. Lee, postdoctoral researcher at the Consortium on Electoral Democracy (C-Dem) at Ryerson University. April 4th, 2022 at Universit\u00e9 du Qu\u00e9bec \u00e0 Montr\u00e9al.<\/p>\n\n\n\n<p>\u00ab&nbsp;<a href=\"https:\/\/www.facebook.com\/labopinionpublic\/photos\/a.4592143764180147\/5067806509947201\/\">Collecte de donn\u00e9es en ligne avec API<\/a>&nbsp;\u00bb, methods workshop of the LACPOP, given by Aengus Bridgman. March 16, 2022 at Universit\u00e9 du Qu\u00e9bec \u00e0 Montr\u00e9al.<\/p>\n\n\n\n<p>\u00ab&nbsp;<a href=\"https:\/\/www.facebook.com\/labopinionpublic\/photos\/a.4592143764180147\/5046427922085060\/\">Guerre de l\u2019information : strat\u00e9gies, r\u00e8gles et enjeux&nbsp;<\/a>\u00bb, conference given by Lieutenant Colonel Yves Desbiens, project manager at the NATO Strategic Communications Center of Excellence. March 15, 2022 at Universit\u00e9 du Qu\u00e9bec \u00e0 Montr\u00e9al.<\/p>\n\n\n\n<p>\u00ab <a href=\"https:\/\/evenements.uqam.ca\/evenements\/risk-social-identities-and-political-engagement\/18922\" data-type=\"link\" data-id=\"https:\/\/evenements.uqam.ca\/evenements\/risk-social-identities-and-political-engagement\/18922\">Risk, Social Identities and Political Engagement<\/a> \u00bb, conference given by Amanda Friesen, Associate Professor of Political Science at the University Of Western Ontario. March 8, 2022 at Universit\u00e9 du Qu\u00e9bec \u00e0 Montr\u00e9al.<\/p>\n\n\n\n<p>\u00ab<a href=\"https:\/\/www.facebook.com\/labopinionpublic\/photos\/a.4592143764180147\/4969976319730221\/\">&nbsp;Populism, Media &amp; Journalism&nbsp;<\/a>\u00bb, launch, presentation and roundtable. Event organised by the LACPOP, in collaboration with the Brazilian Journalism Research. February 9, 2022 via Youtube live.<\/p>\n\n\n\n<p>\u00ab&nbsp;<a href=\"https:\/\/www.facebook.com\/labopinionpublic\/photos\/a.4592143764180147\/4635714339823089\/\">Entretiens sur des sujets dits sensibles<\/a>&nbsp;\u00bb, methods workshop given by Claire Jacquin. November 10, 2021 at Universit\u00e9 du Qu\u00e9bec \u00e0 Montr\u00e9al.<\/p>\n\n\n\n<p>\u00ab&nbsp;<a href=\"https:\/\/www.facebook.com\/labopinionpublic\/photos\/a.4592143764180147\/4607686539292536\/\">Ethnographie en ligne&nbsp;<\/a>\u00bb, methods workshop given by Elena Waldispuehl. October 27, 2021 at Universit\u00e9 du Qu\u00e9bec \u00e0 Montr\u00e9al.<\/p>\n\n\n\n<p>\u00ab&nbsp;<a href=\"https:\/\/www.facebook.com\/labopinionpublic\/photos\/a.4592143764180147\/4592142914180232\/\">La d\u00e9sinformation en contexte de pand\u00e9mie, un d\u00e9fi de recherche<\/a>&nbsp;\u00bb, conference given by Colette Brin, Full Professeur at Universit\u00e9 Laval and director of the Centre d\u2019\u00e9tudes sur les m\u00e9dias. October 25, 2021 at Universit\u00e9 du Qu\u00e9bec \u00e0 Montr\u00e9al.<\/p>\n","protected":false},"excerpt":{"rendered":"<p>Upcoming Events Diversity and the Bounds of Solidarity:\u00a0Barriers and Expectations in Public Opinion, Oct. 18-19, 2024. Universit\u00e9 du Qu\u00e9bec \u00e0 Montr\u00e9al. Preliminary Program. Past activities Printemps de la recherche et &#8230;<\/p>\n","protected":false},"author":3,"featured_media":0,"parent":0,"menu_order":0,"comment_status":"closed","ping_status":"closed","template":"","meta":{"footnotes":""},"class_list":["post-83","page","type-page","status-publish","hentry"],"_links":{"self":[{"href":"https:\/\/lacpop.uqam.ca\/en\/wp-json\/wp\/v2\/pages\/83","targetHints":{"allow":["GET"]}}],"collection":[{"href":"https:\/\/lacpop.uqam.ca\/en\/wp-json\/wp\/v2\/pages"}],"about":[{"href":"https:\/\/lacpop.uqam.ca\/en\/wp-json\/wp\/v2\/types\/page"}],"author":[{"embeddable":true,"href":"https:\/\/lacpop.uqam.ca\/en\/wp-json\/wp\/v2\/users\/3"}],"replies":[{"embeddable":true,"href":"https:\/\/lacpop.uqam.ca\/en\/wp-json\/wp\/v2\/comments?post=83"}],"version-history":[{"count":13,"href":"https:\/\/lacpop.uqam.ca\/en\/wp-json\/wp\/v2\/pages\/83\/revisions"}],"predecessor-version":[{"id":130,"href":"https:\/\/lacpop.uqam.ca\/en\/wp-json\/wp\/v2\/pages\/83\/revisions\/130"}],"wp:attachment":[{"href":"https:\/\/lacpop.uqam.ca\/en\/wp-json\/wp\/v2\/media?parent=83"}],"curies":[{"name":"wp","href":"https:\/\/api.w.org\/{rel}","templated":true}]}}